{"id":449,"date":"2020-11-23T13:22:50","date_gmt":"2020-11-23T13:22:50","guid":{"rendered":"https:\/\/cartapack.com\/?page_id=449"},"modified":"2020-11-28T09:42:07","modified_gmt":"2020-11-28T09:42:07","slug":"hakkimizda","status":"publish","type":"page","link":"https:\/\/cartapack.com\/tr\/index.php\/hakkimizda\/","title":{"rendered":"HAKKIMIZDA"},"content":{"rendered":"\t\t<div data-elementor-type=\"wp-page\" data-elementor-id=\"449\" class=\"elementor elementor-449\" data-elementor-post-type=\"page\">\n\t\t\t\t\t\t<section class=\"elementor-section elementor-top-section elementor-element elementor-element-388ad6ef elementor-section-content-top elementor-section-height-min-height elementor-section-boxed elementor-section-height-default elementor-section-items-middle\" data-id=\"388ad6ef\" data-element_type=\"section\" data-settings=\"{&quot;background_background&quot;:&quot;slideshow&quot;,&quot;background_slideshow_gallery&quot;:[{&quot;id&quot;:597,&quot;url&quot;:&quot;https:\\\/\\\/cartapack.com\\\/wp-content\\\/uploads\\\/2020\\\/11\\\/cartapack_banner6.png&quot;}],&quot;background_slideshow_loop&quot;:&quot;yes&quot;,&quot;background_slideshow_slide_duration&quot;:5000,&quot;background_slideshow_slide_transition&quot;:&quot;fade&quot;,&quot;background_slideshow_transition_duration&quot;:500}\">\n\t\t\t\t\t\t\t<div class=\"elementor-background-overlay\"><\/div>\n\t\t\t\t\t\t\t<div class=\"elementor-container elementor-column-gap-no\">\n\t\t\t\t\t<div class=\"elementor-column elementor-col-100 elementor-top-column elementor-element elementor-element-34573663\" data-id=\"34573663\" data-element_type=\"column\">\n\t\t\t<div class=\"elementor-widget-wrap elementor-element-populated\">\n\t\t\t\t\t\t<div class=\"elementor-element elementor-element-47e959a elementor-widget elementor-widget-heading\" data-id=\"47e959a\" data-element_type=\"widget\" data-widget_type=\"heading.default\">\n\t\t\t\t<div class=\"elementor-widget-container\">\n\t\t\t\t\t<h2 class=\"elementor-heading-title elementor-size-default\">HAKKIMIZDA<\/h2>\t\t\t\t<\/div>\n\t\t\t\t<\/div>\n\t\t\t\t\t<\/div>\n\t\t<\/div>\n\t\t\t\t\t<\/div>\n\t\t<\/section>\n\t\t\t\t<section class=\"elementor-section elementor-top-section elementor-element elementor-element-32c87a89 elementor-section-content-middle elementor-reverse-mobile elementor-section-boxed elementor-section-height-default elementor-section-height-default\" data-id=\"32c87a89\" data-element_type=\"section\">\n\t\t\t\t\t\t<div class=\"elementor-container elementor-column-gap-default\">\n\t\t\t\t\t<div class=\"elementor-column elementor-col-100 elementor-top-column elementor-element elementor-element-5640e3c6\" data-id=\"5640e3c6\" data-element_type=\"column\">\n\t\t\t<div class=\"elementor-widget-wrap elementor-element-populated\">\n\t\t\t\t\t\t<div class=\"elementor-element elementor-element-6ff9a29d elementor-widget elementor-widget-heading\" data-id=\"6ff9a29d\" data-element_type=\"widget\" data-widget_type=\"heading.default\">\n\t\t\t\t<div class=\"elementor-widget-container\">\n\t\t\t\t\t<h3 class=\"elementor-heading-title elementor-size-default\">CARTA PACK<\/h3>\t\t\t\t<\/div>\n\t\t\t\t<\/div>\n\t\t\t\t<div class=\"elementor-element elementor-element-38ed98ec elementor-widget elementor-widget-text-editor\" data-id=\"38ed98ec\" data-element_type=\"widget\" data-widget_type=\"text-editor.default\">\n\t\t\t\t<div class=\"elementor-widget-container\">\n\t\t\t\t\t\t\t\t\t<p><span style=\"font-weight: 400;\">Cartapack , ambalaj sekt\u00f6r\u00fcnde deneyimli kadrosu ile 2019 y\u0131l\u0131nda \u0130talya ba\u015fta olmak \u00fczere Avrupa pazar\u0131ndaki t\u00fcketicilerin ambalaj \u00fcr\u00fcn\u00fc ihtiya\u00e7lar\u0131n\u0131 kar\u015f\u0131lamak i\u00e7in kurulmu\u015ftur. Karton k\u00f6\u015febent , plastik k\u00f6\u015febent ,oluklu mukavva, koli, plastik ambalaj, halat, ka\u011f\u0131t ve matbaa alanlar\u0131nda \u00fcretim,\u00a0 sat\u0131\u015f ve pazarlama yapmaktad\u0131r. CARTAPACK \u00a0dinamik, inovatif, teknolojiyi takip eden yap\u0131s\u0131yla \u201cKAL\u0130TE merkezli \u00fcretimin \u00f6nc\u00fcs\u00fc olmu\u015ftur. Miterrapack, sat\u0131\u015f ve pazarlamas\u0131n\u0131 \u00fcstlendi\u011fi \u00fcr\u00fcnlerin kalitesinin yan\u0131 s\u0131ra m\u00fc\u015fteri memnuniyetine de maksimum \u00f6nem vermektedir.\u00a0<\/span><\/p><p><span style=\"font-weight: 400;\">Ba\u015far\u0131m\u0131z, birlikte \u00e7al\u0131\u015ft\u0131\u011f\u0131m\u0131z firmalar ile kurdu\u011fumuz g\u00fc\u00e7l\u00fc ba\u011flardan ve \u00e7\u00f6z\u00fcm ortakl\u0131\u011f\u0131na dayal\u0131 i\u015fbirliklerinden gelmektedir. Deneyimli departmanlar\u0131n Pazar bilgisi sayesinde firmam\u0131z; faaliyet g\u00f6sterdi\u011fimiz ana sekt\u00f6rler d\u0131\u015f\u0131ndaki ihtiya\u00e7lar\u0131n\u0131za da \u00e7\u00f6z\u00fcm sunabilmektedir. Firmam\u0131z, i\u015f orta\u011f\u0131 olarak g\u00f6rd\u00fc\u011f\u00fc portf\u00f6y\u00fcndeki t\u00fcm al\u0131c\u0131 firmalar\u0131n menfaatlerini en iyi \u015fekilde koruyacak \u015fekilde b\u00fcy\u00fcmelerine katk\u0131 sunabilmek i\u00e7in \u00fcst\u00fcn ve kaliteli hizmet anlay\u0131\u015f\u0131n\u0131 s\u00fcrekli geli\u015ftirmektedir.<\/span><\/p>\t\t\t\t\t\t\t\t<\/div>\n\t\t\t\t<\/div>\n\t\t\t\t\t<\/div>\n\t\t<\/div>\n\t\t\t\t\t<\/div>\n\t\t<\/section>\n\t\t\t\t<section class=\"elementor-section elementor-top-section elementor-element elementor-element-702af94 elementor-section-boxed elementor-section-height-default elementor-section-height-default\" data-id=\"702af94\" data-element_type=\"section\">\n\t\t\t\t\t\t<div class=\"elementor-container elementor-column-gap-default\">\n\t\t\t\t\t<div class=\"elementor-column elementor-col-100 elementor-top-column elementor-element elementor-element-166fa3c\" data-id=\"166fa3c\" data-element_type=\"column\">\n\t\t\t<div class=\"elementor-widget-wrap\">\n\t\t\t\t\t\t\t<\/div>\n\t\t<\/div>\n\t\t\t\t\t<\/div>\n\t\t<\/section>\n\t\t\t\t<section class=\"elementor-section elementor-top-section elementor-element elementor-element-d908b78 elementor-section-boxed elementor-section-height-default elementor-section-height-default\" data-id=\"d908b78\" data-element_type=\"section\">\n\t\t\t\t\t\t<div class=\"elementor-container elementor-column-gap-default\">\n\t\t\t\t\t<div class=\"elementor-column elementor-col-25 elementor-top-column elementor-element elementor-element-0c1c05b\" data-id=\"0c1c05b\" data-element_type=\"column\">\n\t\t\t<div class=\"elementor-widget-wrap elementor-element-populated\">\n\t\t\t\t\t\t<div class=\"elementor-element elementor-element-b95ac6d elementor-view-stacked elementor-shape-circle elementor-widget elementor-widget-icon\" data-id=\"b95ac6d\" data-element_type=\"widget\" data-widget_type=\"icon.default\">\n\t\t\t\t<div class=\"elementor-widget-container\">\n\t\t\t\t\t\t\t<div class=\"elementor-icon-wrapper\">\n\t\t\t<div class=\"elementor-icon elementor-animation-bounce-in\">\n\t\t\t<i aria-hidden=\"true\" class=\"fas fa-barcode\"><\/i>\t\t\t<\/div>\n\t\t<\/div>\n\t\t\t\t\t\t<\/div>\n\t\t\t\t<\/div>\n\t\t\t\t<div class=\"elementor-element elementor-element-7fd2019 elementor-widget-divider--view-line elementor-widget elementor-widget-divider\" data-id=\"7fd2019\" data-element_type=\"widget\" data-widget_type=\"divider.default\">\n\t\t\t\t<div class=\"elementor-widget-container\">\n\t\t\t\t\t\t\t<div class=\"elementor-divider\">\n\t\t\t<span class=\"elementor-divider-separator\">\n\t\t\t\t\t\t<\/span>\n\t\t<\/div>\n\t\t\t\t\t\t<\/div>\n\t\t\t\t<\/div>\n\t\t\t\t<div class=\"elementor-element elementor-element-1dc067b elementor-widget elementor-widget-heading\" data-id=\"1dc067b\" data-element_type=\"widget\" data-widget_type=\"heading.default\">\n\t\t\t\t<div class=\"elementor-widget-container\">\n\t\t\t\t\t<h3 class=\"elementor-heading-title elementor-size-large\">KAL\u0130TE<\/h3>\t\t\t\t<\/div>\n\t\t\t\t<\/div>\n\t\t\t\t<div class=\"elementor-element elementor-element-d88c8b7 elementor-widget elementor-widget-text-editor\" data-id=\"d88c8b7\" data-element_type=\"widget\" data-widget_type=\"text-editor.default\">\n\t\t\t\t<div class=\"elementor-widget-container\">\n\t\t\t\t\t\t\t\t\t<p>Quality Starts Wi\u0307th The Concepti\u0307on. Concepti\u0307on Leads Us To Reach Best With Hi\u0307gh Quality Raw Materials And Hi\u0307gh Tech Producti\u0307on Li\u0307nes In The Guidance Of Know-how Created By Years And We Have Smart Solutions<\/p>\t\t\t\t\t\t\t\t<\/div>\n\t\t\t\t<\/div>\n\t\t\t\t\t<\/div>\n\t\t<\/div>\n\t\t\t\t<div class=\"elementor-column elementor-col-25 elementor-top-column elementor-element elementor-element-ded3943\" data-id=\"ded3943\" data-element_type=\"column\">\n\t\t\t<div class=\"elementor-widget-wrap elementor-element-populated\">\n\t\t\t\t\t\t<div class=\"elementor-element elementor-element-310cbe6 elementor-view-stacked elementor-shape-circle elementor-widget elementor-widget-icon\" data-id=\"310cbe6\" data-element_type=\"widget\" data-widget_type=\"icon.default\">\n\t\t\t\t<div class=\"elementor-widget-container\">\n\t\t\t\t\t\t\t<div class=\"elementor-icon-wrapper\">\n\t\t\t<div class=\"elementor-icon elementor-animation-bounce-in\">\n\t\t\t<i aria-hidden=\"true\" class=\"fas fa-cut\"><\/i>\t\t\t<\/div>\n\t\t<\/div>\n\t\t\t\t\t\t<\/div>\n\t\t\t\t<\/div>\n\t\t\t\t<div class=\"elementor-element elementor-element-b2ab1cb elementor-widget-divider--view-line elementor-widget elementor-widget-divider\" data-id=\"b2ab1cb\" data-element_type=\"widget\" data-widget_type=\"divider.default\">\n\t\t\t\t<div class=\"elementor-widget-container\">\n\t\t\t\t\t\t\t<div class=\"elementor-divider\">\n\t\t\t<span class=\"elementor-divider-separator\">\n\t\t\t\t\t\t<\/span>\n\t\t<\/div>\n\t\t\t\t\t\t<\/div>\n\t\t\t\t<\/div>\n\t\t\t\t<div class=\"elementor-element elementor-element-2510a94 elementor-widget elementor-widget-heading\" data-id=\"2510a94\" data-element_type=\"widget\" data-widget_type=\"heading.default\">\n\t\t\t\t<div class=\"elementor-widget-container\">\n\t\t\t\t\t<h4 class=\"elementor-heading-title elementor-size-small\">\u00d6ZELLE\u015eT\u0130RME<\/h4>\t\t\t\t<\/div>\n\t\t\t\t<\/div>\n\t\t\t\t<div class=\"elementor-element elementor-element-c62528a elementor-widget elementor-widget-text-editor\" data-id=\"c62528a\" data-element_type=\"widget\" data-widget_type=\"text-editor.default\">\n\t\t\t\t<div class=\"elementor-widget-container\">\n\t\t\t\t\t\t\t\t\t<p>Cartapack\u2019s Developped Technology And Strong Supplying Chain Allow You To Order Personali\u0307sed Products Fits Your And Your Clients Demands. You Don\u2019t Need To Invest For Producti\u0307on. Focus On Your Customers To Fix Their Demands<\/p>\t\t\t\t\t\t\t\t<\/div>\n\t\t\t\t<\/div>\n\t\t\t\t\t<\/div>\n\t\t<\/div>\n\t\t\t\t<div class=\"elementor-column elementor-col-25 elementor-top-column elementor-element elementor-element-9ce058f\" data-id=\"9ce058f\" data-element_type=\"column\">\n\t\t\t<div class=\"elementor-widget-wrap elementor-element-populated\">\n\t\t\t\t\t\t<div class=\"elementor-element elementor-element-64f7ee7 elementor-view-stacked elementor-shape-circle elementor-widget elementor-widget-icon\" data-id=\"64f7ee7\" data-element_type=\"widget\" data-widget_type=\"icon.default\">\n\t\t\t\t<div class=\"elementor-widget-container\">\n\t\t\t\t\t\t\t<div class=\"elementor-icon-wrapper\">\n\t\t\t<div class=\"elementor-icon elementor-animation-bounce-in\">\n\t\t\t<i aria-hidden=\"true\" class=\"fas fa-shipping-fast\"><\/i>\t\t\t<\/div>\n\t\t<\/div>\n\t\t\t\t\t\t<\/div>\n\t\t\t\t<\/div>\n\t\t\t\t<div class=\"elementor-element elementor-element-9a7c48c elementor-widget-divider--view-line elementor-widget elementor-widget-divider\" data-id=\"9a7c48c\" data-element_type=\"widget\" data-widget_type=\"divider.default\">\n\t\t\t\t<div class=\"elementor-widget-container\">\n\t\t\t\t\t\t\t<div class=\"elementor-divider\">\n\t\t\t<span class=\"elementor-divider-separator\">\n\t\t\t\t\t\t<\/span>\n\t\t<\/div>\n\t\t\t\t\t\t<\/div>\n\t\t\t\t<\/div>\n\t\t\t\t<div class=\"elementor-element elementor-element-7f47970 elementor-widget elementor-widget-heading\" data-id=\"7f47970\" data-element_type=\"widget\" data-widget_type=\"heading.default\">\n\t\t\t\t<div class=\"elementor-widget-container\">\n\t\t\t\t\t<h3 class=\"elementor-heading-title elementor-size-large\">ZAMANINDA \u00dcRET\u0130M<\/h3>\t\t\t\t<\/div>\n\t\t\t\t<\/div>\n\t\t\t\t<div class=\"elementor-element elementor-element-d871c27 elementor-widget elementor-widget-text-editor\" data-id=\"d871c27\" data-element_type=\"widget\" data-widget_type=\"text-editor.default\">\n\t\t\t\t<div class=\"elementor-widget-container\">\n\t\t\t\t\t\t\t\t\t<p>Cartapack Factory And Warehouses Are Located 20 Km To Izmir Port. Thanks To Most\u00a0 Acti\u0307ve Port Of East Mediterrani\u0307an And Sui\u0307table Locati\u0307on Of Cartapack, We Can Supply All Your Packaging Demands As Fast As Possible On Time. Cartapack Reduces Your Stocking Costs!\u00a0<\/p>\t\t\t\t\t\t\t\t<\/div>\n\t\t\t\t<\/div>\n\t\t\t\t\t<\/div>\n\t\t<\/div>\n\t\t\t\t<div class=\"elementor-column elementor-col-25 elementor-top-column elementor-element elementor-element-9b3f6a7\" data-id=\"9b3f6a7\" data-element_type=\"column\">\n\t\t\t<div class=\"elementor-widget-wrap elementor-element-populated\">\n\t\t\t\t\t\t<div class=\"elementor-element elementor-element-93ada4f elementor-view-stacked elementor-shape-circle elementor-widget elementor-widget-icon\" data-id=\"93ada4f\" data-element_type=\"widget\" data-widget_type=\"icon.default\">\n\t\t\t\t<div class=\"elementor-widget-container\">\n\t\t\t\t\t\t\t<div class=\"elementor-icon-wrapper\">\n\t\t\t<div class=\"elementor-icon elementor-animation-bounce-in\">\n\t\t\t<i aria-hidden=\"true\" class=\"far fa-chart-bar\"><\/i>\t\t\t<\/div>\n\t\t<\/div>\n\t\t\t\t\t\t<\/div>\n\t\t\t\t<\/div>\n\t\t\t\t<div class=\"elementor-element elementor-element-ea3769e elementor-widget-divider--view-line elementor-widget elementor-widget-divider\" data-id=\"ea3769e\" data-element_type=\"widget\" data-widget_type=\"divider.default\">\n\t\t\t\t<div class=\"elementor-widget-container\">\n\t\t\t\t\t\t\t<div class=\"elementor-divider\">\n\t\t\t<span class=\"elementor-divider-separator\">\n\t\t\t\t\t\t<\/span>\n\t\t<\/div>\n\t\t\t\t\t\t<\/div>\n\t\t\t\t<\/div>\n\t\t\t\t<div class=\"elementor-element elementor-element-40a8ae7 elementor-widget elementor-widget-heading\" data-id=\"40a8ae7\" data-element_type=\"widget\" data-widget_type=\"heading.default\">\n\t\t\t\t<div class=\"elementor-widget-container\">\n\t\t\t\t\t<h3 class=\"elementor-heading-title elementor-size-large\">EKONOM\u0130K<\/h3>\t\t\t\t<\/div>\n\t\t\t\t<\/div>\n\t\t\t\t<div class=\"elementor-element elementor-element-440d9fd elementor-widget elementor-widget-text-editor\" data-id=\"440d9fd\" data-element_type=\"widget\" data-widget_type=\"text-editor.default\">\n\t\t\t\t<div class=\"elementor-widget-container\">\n\t\t\t\t\t\t\t\t\t<p>To Produce The Right Product In The Right Place On Right Time Moves You Forward. Cartapack\u2019s Cost Effective Environment Carries You One Step Forward. We Reduce All Additional Costs For You. We Provide Pure Quality\u00a0<\/p>\t\t\t\t\t\t\t\t<\/div>\n\t\t\t\t<\/div>\n\t\t\t\t\t<\/div>\n\t\t<\/div>\n\t\t\t\t\t<\/div>\n\t\t<\/section>\n\t\t\t\t<section class=\"elementor-section elementor-top-section elementor-element elementor-element-3a4b5da7 elementor-section-boxed elementor-section-height-default elementor-section-height-default\" data-id=\"3a4b5da7\" data-element_type=\"section\" data-settings=\"{&quot;background_background&quot;:&quot;classic&quot;}\">\n\t\t\t\t\t\t\t<div class=\"elementor-background-overlay\"><\/div>\n\t\t\t\t\t\t\t<div class=\"elementor-container elementor-column-gap-default\">\n\t\t\t\t\t<div class=\"elementor-column elementor-col-100 elementor-top-column elementor-element elementor-element-6dfc0626\" data-id=\"6dfc0626\" data-element_type=\"column\">\n\t\t\t<div class=\"elementor-widget-wrap elementor-element-populated\">\n\t\t\t\t\t\t<div class=\"elementor-element elementor-element-fb5ca02 elementor-widget elementor-widget-heading\" data-id=\"fb5ca02\" data-element_type=\"widget\" data-widget_type=\"heading.default\">\n\t\t\t\t<div class=\"elementor-widget-container\">\n\t\t\t\t\t<h2 class=\"elementor-heading-title elementor-size-large\">BA\u011eLANTIDA KALIN<\/h2>\t\t\t\t<\/div>\n\t\t\t\t<\/div>\n\t\t\t\t<div class=\"elementor-element elementor-element-594deb62 elementor-widget elementor-widget-button\" data-id=\"594deb62\" data-element_type=\"widget\" data-widget_type=\"button.default\">\n\t\t\t\t<div class=\"elementor-widget-container\">\n\t\t\t\t\t\t\t\t\t<div class=\"elementor-button-wrapper\">\n\t\t\t\t\t<a class=\"elementor-button elementor-button-link elementor-size-md\" href=\"tel:+90%20532%20243%2098%2059\">\n\t\t\t\t\t\t<span class=\"elementor-button-content-wrapper\">\n\t\t\t\t\t\t\t\t\t<span class=\"elementor-button-text\">TEKL\u0130F \u0130STEY\u0130N<\/span>\n\t\t\t\t\t<\/span>\n\t\t\t\t\t<\/a>\n\t\t\t\t<\/div>\n\t\t\t\t\t\t\t\t<\/div>\n\t\t\t\t<\/div>\n\t\t\t\t\t<\/div>\n\t\t<\/div>\n\t\t\t\t\t<\/div>\n\t\t<\/section>\n\t\t\t\t<\/div>\n\t\t","protected":false},"excerpt":{"rendered":"<p>HAKKIMIZDA CARTA PACK Cartapack , ambalaj sekt\u00f6r\u00fcnde deneyimli kadrosu ile 2019 y\u0131l\u0131nda \u0130talya ba\u015fta olmak \u00fczere Avrupa pazar\u0131ndaki t\u00fcketicilerin ambalaj \u00fcr\u00fcn\u00fc ihtiya\u00e7lar\u0131n\u0131 kar\u015f\u0131lamak i\u00e7in kurulmu\u015ftur. Karton k\u00f6\u015febent , plastik k\u00f6\u015febent ,oluklu mukavva, koli, plastik ambalaj, halat, ka\u011f\u0131t ve matbaa alanlar\u0131nda \u00fcretim,\u00a0 sat\u0131\u015f ve pazarlama yapmaktad\u0131r. CARTAPACK \u00a0dinamik, inovatif, teknolojiyi takip eden yap\u0131s\u0131yla \u201cKAL\u0130TE merkezli \u00fcretimin [&hellip;]<\/p>\n","protected":false},"author":1,"featured_media":0,"parent":0,"menu_order":0,"comment_status":"closed","ping_status":"closed","template":"elementor_header_footer","meta":{"footnotes":""},"class_list":["post-449","page","type-page","status-publish","hentry"],"_links":{"self":[{"href":"https:\/\/cartapack.com\/tr\/index.php\/wp-json\/wp\/v2\/pages\/449","targetHints":{"allow":["GET"]}}],"collection":[{"href":"https:\/\/cartapack.com\/tr\/index.php\/wp-json\/wp\/v2\/pages"}],"about":[{"href":"https:\/\/cartapack.com\/tr\/index.php\/wp-json\/wp\/v2\/types\/page"}],"author":[{"embeddable":true,"href":"https:\/\/cartapack.com\/tr\/index.php\/wp-json\/wp\/v2\/users\/1"}],"replies":[{"embeddable":true,"href":"https:\/\/cartapack.com\/tr\/index.php\/wp-json\/wp\/v2\/comments?post=449"}],"version-history":[{"count":7,"href":"https:\/\/cartapack.com\/tr\/index.php\/wp-json\/wp\/v2\/pages\/449\/revisions"}],"predecessor-version":[{"id":870,"href":"https:\/\/cartapack.com\/tr\/index.php\/wp-json\/wp\/v2\/pages\/449\/revisions\/870"}],"wp:attachment":[{"href":"https:\/\/cartapack.com\/tr\/index.php\/wp-json\/wp\/v2\/media?parent=449"}],"curies":[{"name":"wp","href":"https:\/\/api.w.org\/{rel}","templated":true}]}}