{"id":5,"date":"2020-11-15T18:32:31","date_gmt":"2020-11-15T18:32:31","guid":{"rendered":"https:\/\/cartapack.com\/?page_id=5"},"modified":"2020-11-28T18:21:07","modified_gmt":"2020-11-28T18:21:07","slug":"elementor-5","status":"publish","type":"page","link":"https:\/\/cartapack.com\/it\/","title":{"rendered":"CARTAPACK"},"content":{"rendered":"<p>Previous<br \/>\n\t\t\t\t\t\t\tNext<br \/>\n\t\t\t\t\t\t\tPrevious<br \/>\n\t\t\t\t\t\t\tNext<\/p>\n<h6>prodotti in cartone<\/h6>\n<p>\t\t\t\t\t\t\t\t\t\t\t<a href=\"https:\/\/cartapack.com\/index.php\/edge-boards\/\"><br \/>\n\t\t\t\t\t\t\t<img decoding=\"async\" width=\"258\" height=\"172\" src=\"https:\/\/cartapack.com\/it\/wp-content\/uploads\/2020\/11\/CartaPack_-SUPERBOARD.png\" alt=\"\" loading=\"lazy\" \/>\t\t\t\t\t\t\t\t<\/a><\/p>\n<h6><a href=\"https:\/\/cartapack.com\/index.php\/edge-boards\/\">angolare<\/a><\/h6>\n<p>\t\t\t\t\t\t\t\t\t\t\t<a href=\"https:\/\/cartapack.com\/index.php\/anti-slip-paper\/\"><br \/>\n\t\t\t\t\t\t\t<img decoding=\"async\" width=\"258\" height=\"172\" src=\"https:\/\/cartapack.com\/it\/wp-content\/uploads\/2020\/11\/cartapack_anti_slip.png\" alt=\"\" loading=\"lazy\" \/>\t\t\t\t\t\t\t\t<\/a><\/p>\n<h3><a href=\"https:\/\/cartapack.com\/index.php\/anti-slip-paper\/\">foglio antiscivolo<\/a><\/h3>\n<p>\t\t\t\t\t\t\t\t\t\t\t<a href=\"https:\/\/cartapack.com\/index.php\/food-packs\/\"><br \/>\n\t\t\t\t\t\t\t<img decoding=\"async\" width=\"258\" height=\"172\" src=\"https:\/\/cartapack.com\/it\/wp-content\/uploads\/2020\/11\/cartapack_food_packaging.jpg\" alt=\"\" loading=\"lazy\" \/>\t\t\t\t\t\t\t\t<\/a><\/p>\n<h3><a href=\"https:\/\/cartapack.com\/index.php\/food-packs\/\">FOOD PACKAGING<\/a><\/h3>\n<h6>prodotti plastica<\/h6>\n<p>\t\t\t\t\t\t\t\t\t\t\t<a href=\"https:\/\/cartapack.com\/index.php\/strech-film\/\"><br \/>\n\t\t\t\t\t\t\t<img decoding=\"async\" src=\"https:\/\/cartapack.com\/it\/wp-content\/uploads\/elementor\/thumbs\/cartapack_strechfilm_rool-oz1b4wx6f40mutlp0i7yq5jaauxza5nicaf5q3lbrk.jpg\" title=\"cartapack_strechfilm_rool\" alt=\"cartapack_strechfilm_rool\" \/>\t\t\t\t\t\t\t\t<\/a><\/p>\n<h6><a href=\"https:\/\/cartapack.com\/index.php\/strech-film\/\">STRETCH<\/a><\/h6>\n<p>\t\t\t\t\t\t\t\t\t\t\t<a href=\"https:\/\/cartapack.com\/index.php\/strappings-and-strap-equipments\/\"><br \/>\n\t\t\t\t\t\t\t<img decoding=\"async\" src=\"https:\/\/cartapack.com\/it\/wp-content\/uploads\/elementor\/thumbs\/CartaPack_Strapp-oz1b4vzc89zcj7n25ztc5nrtph2m2gjs05ro8tmpxs.jpg\" title=\"CartaPack_Strapp\" alt=\"CartaPack_Strapp\" \/>\t\t\t\t\t\t\t\t<\/a><\/p>\n<h3><a href=\"https:\/\/cartapack.com\/index.php\/strappings-and-strap-equipments\/\">STREPT<\/a><\/h3>\n<p>\t\t\t\t\t\t\t\t\t\t\t<a href=\"https:\/\/cartapack.com\/index.php\/industrial-pp-twine-rope\/\"><br \/>\n\t\t\t\t\t\t\t<img decoding=\"async\" src=\"https:\/\/cartapack.com\/it\/wp-content\/uploads\/elementor\/thumbs\/cartapack_roll-e1606379406328-oz1b4xv0ly1x6fkbv0mlanaqw8tchur8of2n7djxlc.jpg\" title=\"cartapack_roll\" alt=\"Industrial Rope\" \/>\t\t\t\t\t\t\t\t<\/a><\/p>\n<h3><a href=\"https:\/\/cartapack.com\/index.php\/industrial-pp-twine-rope\/\">ROPE<\/a><\/h3>\n<h3>QUALITA<\/h3>\n<p>LA QUALITA INIZIA CON LA CONCEZIONE. LA CONCEZIONE PORTACI A RAGG\u0130UNGERE IN MIGLIORE CON LA MATERIA PRIMA IN ALTA QUALITA E HIGH-TECH PRODUZIONE. ABBIAMO DE\u0130 SOLUZ\u0130ON\u0130 INTELLIGENT\u0130 CON KNOW-HOW<\/p>\n<h4>PERSONALIZZAZIONE<\/h4>\n<p>LA TECHNOLOGIA SVILUPPATA E LA FORTE CATENA D\u0130 FORNITURA DI CARTAPACK VI PERMETTE ORDINARE PRODOTTI PERSONALIZZATI CHE STANNO BENE LE VOSTRE RICHIESTE.\u00a0<\/p>\n<h3>CONSEGNA IN TEMPO<\/h3>\n<p>LA FABBRICA E MAGAZZINI DI CARTAPACK SI TROVANO 20 KM DA PORTO IZMIR. GRAZIE A \u0130L P\u0130U ATTIVO PORTO DI MEDITERRANEO ORIENTALE E LOCALITA OTTIMA DI CARTAPACK POSSIAMO FORNIRE TUTTE LE VOSTRE RICHIESTE PIU VELOCEMENTE POSSIBILE. CARTAPACK RIDUCE VOSTRI COSTI DI STOCK!\u00a0<\/p>\n<h3>COVENIENZA<\/h3>\n<p>PRODURRE IL PRODOTTO G\u0130USTO NEL POSTO G\u0130USTO NEL MOMENTO G\u0130USTO V\u0130 MUOVE AVANTI. L\u2019AMBIENTE CONVENIENTE DI CARTAPACK TI MUOVE UN PASSO AVANTI. CARTAPACK REDUCE TUTTI COSTI AGGIUNTI DA RAGGIUNGERE ALLA QUALITA PURA.\u00a0<\/p>\n<h2><a href=\"https:\/\/cartapack.com\/index.php\/contact\/\">CONTATTO<br \/>\n<\/a><\/h2>\n<p>It has never been easier to contact-us<\/p>\n<p>\t\t\t<a href=\"https:\/\/cartapack.com\/index.php\/contact\/\" role=\"button\"><br \/>\n\t\t\t\t\t\tCHIEDI UN\u2019OFFERTA<br \/>\n\t\t\t\t\t<\/a><\/p>\n","protected":false},"excerpt":{"rendered":"<p>Previous Next Previous Next prodotti in cartone angolare foglio antiscivolo FOOD PACKAGING prodotti plastica STRETCH STREPT ROPE QUALITA LA QUALITA INIZIA CON LA CONCEZIONE. LA CONCEZIONE PORTACI A RAGG\u0130UNGERE IN MIGLIORE CON LA MATERIA PRIMA IN ALTA QUALITA E HIGH-TECH PRODUZIONE. ABBIAMO DE\u0130 SOLUZ\u0130ON\u0130 INTELLIGENT\u0130 CON KNOW-HOW PERSONALIZZAZIONE LA TECHNOLOGIA SVILUPPATA E LA FORTE CATENA [&hellip;]<\/p>\n","protected":false},"author":1,"featured_media":0,"parent":0,"menu_order":0,"comment_status":"closed","ping_status":"closed","template":"","meta":{"footnotes":""},"class_list":["post-5","page","type-page","status-publish","hentry"],"_links":{"self":[{"href":"https:\/\/cartapack.com\/it\/index.php\/wp-json\/wp\/v2\/pages\/5","targetHints":{"allow":["GET"]}}],"collection":[{"href":"https:\/\/cartapack.com\/it\/index.php\/wp-json\/wp\/v2\/pages"}],"about":[{"href":"https:\/\/cartapack.com\/it\/index.php\/wp-json\/wp\/v2\/types\/page"}],"author":[{"embeddable":true,"href":"https:\/\/cartapack.com\/it\/index.php\/wp-json\/wp\/v2\/users\/1"}],"replies":[{"embeddable":true,"href":"https:\/\/cartapack.com\/it\/index.php\/wp-json\/wp\/v2\/comments?post=5"}],"version-history":[{"count":36,"href":"https:\/\/cartapack.com\/it\/index.php\/wp-json\/wp\/v2\/pages\/5\/revisions"}],"predecessor-version":[{"id":912,"href":"https:\/\/cartapack.com\/it\/index.php\/wp-json\/wp\/v2\/pages\/5\/revisions\/912"}],"wp:attachment":[{"href":"https:\/\/cartapack.com\/it\/index.php\/wp-json\/wp\/v2\/media?parent=5"}],"curies":[{"name":"wp","href":"https:\/\/api.w.org\/{rel}","templated":true}]}}