{"id":449,"date":"2020-11-23T13:22:50","date_gmt":"2020-11-23T13:22:50","guid":{"rendered":"https:\/\/cartapack.com\/?page_id=449"},"modified":"2020-11-27T17:28:46","modified_gmt":"2020-11-27T17:28:46","slug":"azienda","status":"publish","type":"page","link":"https:\/\/cartapack.com\/it\/index.php\/azienda\/","title":{"rendered":"AZIENDA"},"content":{"rendered":"<h2>AZIENDA<\/h2>\n<h3>CARTA PACK<\/h3>\n<p>Cartapack e stato fondato in 2019 da esperti nel settore imballaggi. Affari principale di Cartapack e produrre e fornire soluzione migliore nel settore imballaggio, particolarmente per aziende italiane e per il mercato europea.\u00a0<\/p>\n<p>Cartapack produce e fornisce angolari e profili cartone, fogli antiscivolo, scatole ondulate, confezione plastica, spago agricolo, spago industriale, cartone. Cartapack e pioniere nel settore imballaggi grazie a suoi processi di qualita e produzione. Cartapack fornisce assoluta soddisfazione di cliente. Usiamo sempre materiali primi con la linea di produzione migliore con alta esperienza.<\/p>\n<p>Successo di Cartapack viene da suoi legami forti con i suoi clienti e suoi fornitori creato negli anni. Cartapack offerte migliori soluzioni\u00a0<\/p>\n<h3>qualita<\/h3>\n<p>LA QUALITA INIZIA CON LA CONCEZIONE. LA CONCEZIONE PORTACI A RAGG\u0130UNGERE IN MIGLIORE CON LA MATERIA PRIMA IN ALTA QUALITA E HIGH-TECH PRODUZIONE. ABBIAMO DE\u0130 SOLUZ\u0130ON\u0130 INTELLIGENT\u0130 CON KNOW-HOW<\/p>\n<h4>PERSONALIZZAZIONE<\/h4>\n<p>LA TECHNOLOGIA SVILUPPATA E LA FORTE CATENA D\u0130 FORNITURA DI CARTAPACK VI PERMETTE ORDINARE PRODOTTI PERSONALIZZATI CHE STANNO BENE LE VOSTRE RICHIESTE.\u00a0<\/p>\n<h3>CONSEGNA IN TEMPO<br \/>\n<\/h3>\n<p>LA FABBRICA E MAGAZZINI DI CARTAPACK SI TROVANO 20 KM DA PORTO IZMIR. GRAZIE A \u0130L P\u0130U ATTIVO PORTO DI MEDITERRANEO ORIENTALE E LOCALITA OTTIMA DI CARTAPACK POSSIAMO FORNIRE TUTTE LE VOSTRE RICHIESTE PIU VELOCEMENTE POSSIBILE. CARTAPACK RIDUCE VOSTRI COSTI DI STOCK!\u00a0<\/p>\n<h3>COVENIENZA<\/h3>\n<p>PRODURRE IL PRODOTTO G\u0130USTO NEL POSTO G\u0130USTO NEL MOMENTO G\u0130USTO V\u0130 MUOVE AVANTI. L\u2019AMBIENTE CONVENIENTE DI CARTAPACK TI MUOVE UN PASSO AVANTI. CARTAPACK REDUCE TUTTI COSTI AGGIUNTI DA RAGGIUNGERE ALLA QUALITA PURA.\u00a0<\/p>\n<h2>contatto<\/h2>\n<p>It has never been easier to contact-us<\/p>\n<p>\t\t\t<a href=\"tel:+90%20532%20243%2098%2059\" role=\"button\"><br \/>\n\t\t\t\t\t\tchiedi un\u2019offerta<br \/>\n\t\t\t\t\t<\/a><\/p>\n","protected":false},"excerpt":{"rendered":"<p>AZIENDA CARTA PACK Cartapack e stato fondato in 2019 da esperti nel settore imballaggi. Affari principale di Cartapack e produrre e fornire soluzione migliore nel settore imballaggio, particolarmente per aziende italiane e per il mercato europea.\u00a0 Cartapack produce e fornisce angolari e profili cartone, fogli antiscivolo, scatole ondulate, confezione plastica, spago agricolo, spago industriale, cartone. [&hellip;]<\/p>\n","protected":false},"author":1,"featured_media":0,"parent":0,"menu_order":0,"comment_status":"closed","ping_status":"closed","template":"elementor_canvas","meta":{"footnotes":""},"class_list":["post-449","page","type-page","status-publish","hentry"],"_links":{"self":[{"href":"https:\/\/cartapack.com\/it\/index.php\/wp-json\/wp\/v2\/pages\/449","targetHints":{"allow":["GET"]}}],"collection":[{"href":"https:\/\/cartapack.com\/it\/index.php\/wp-json\/wp\/v2\/pages"}],"about":[{"href":"https:\/\/cartapack.com\/it\/index.php\/wp-json\/wp\/v2\/types\/page"}],"author":[{"embeddable":true,"href":"https:\/\/cartapack.com\/it\/index.php\/wp-json\/wp\/v2\/users\/1"}],"replies":[{"embeddable":true,"href":"https:\/\/cartapack.com\/it\/index.php\/wp-json\/wp\/v2\/comments?post=449"}],"version-history":[{"count":7,"href":"https:\/\/cartapack.com\/it\/index.php\/wp-json\/wp\/v2\/pages\/449\/revisions"}],"predecessor-version":[{"id":841,"href":"https:\/\/cartapack.com\/it\/index.php\/wp-json\/wp\/v2\/pages\/449\/revisions\/841"}],"wp:attachment":[{"href":"https:\/\/cartapack.com\/it\/index.php\/wp-json\/wp\/v2\/media?parent=449"}],"curies":[{"name":"wp","href":"https:\/\/api.w.org\/{rel}","templated":true}]}}